{"id":198,"date":"2020-02-04T09:34:09","date_gmt":"2020-02-04T09:34:09","guid":{"rendered":"https:\/\/asiatowncle.wpengine.com\/?page_id=198"},"modified":"2025-05-13T20:34:48","modified_gmt":"2025-05-13T20:34:48","slug":"support","status":"publish","type":"page","link":"https:\/\/www.asiatowncleveland.org\/vi\/support\/","title":{"rendered":"Support"},"content":{"rendered":"<h1>\n\t\tLi\u00ean h\u1ec7 c\u1ed9ng \u0111\u1ed3ng\n\t<\/h1>\n<h2>\n\t\tH\u1ed7 tr\u1ee3 v\u00f9ng l\u00e2n c\u1eadn\n\t<\/h2>\n\t\t\t\t<img loading=\"lazy\" decoding=\"async\" src=\"https:\/\/www.asiatowncleveland.org\/wp-content\/uploads\/2019\/01\/border_little_under1.png\" alt=\"border_little_under1\" itemprop=\"image\" height=\"120\" width=\"4000\" title=\"border_little_under1\" onerror=\"this.style.display='none'\"  \/>\n<h2>\n\t\t<a name=\"directory\"><\/a>Th\u01b0 m\u1ee5c v\u00f9ng l\u00e2n c\u1eadn\n\t<\/h2>\n<h2>\n\t\tLi\u00ean h\u1ec7 nhanh ch\u00f3ng cho c\u00e1c t\u1ed5 ch\u1ee9c khu v\u1ef1c\n\t<\/h2>\n\t\t\t\tD\u1ecbch v\u1ee5 AsiaTown\n\t\t<h2>\n\t\tNeighborhood Service &#038; Support Groups\n\t<\/h2>\n\t\t<h2>\n\t\tASIA-ICHC<br \/>D\u1ecbch v\u1ee5 Ch\u00e2u \u00c1 trong H\u00e0nh \u0111\u1ed9ng Trung t\u00e2m Y t\u1ebf C\u1ed9ng \u0111\u1ed3ng Qu\u1ed1c t\u1ebf\n\t<\/h2>\n\t\t<h2>\n\t\t<a href=\"tel:2168810330\" title=\"216-881-0330\" target=\"_self\" rel=\"nofollow\">\n\t\t216-881-0330\n\t\t<\/a>\n\t<\/h2>\n\t\t\t<a href=\"http:\/\/www.asiaohio.org\/services\/chp\/\" target=\"_blank\" rel=\"noopener\">\n\t\t\t\t\t\tTrang m\u1ea1ng\n\t\t\t\t\t<\/a>\n\t\t<h2>\n\t\tTh\u01b0\u1eddng xanh Ch\u00e2u \u00c1<br \/>Nh\u00e0 cao c\u1ea5p\n\t<\/h2>\n\t\t<h2>\n\t\t<a href=\"tel:2164261363\" title=\"216-426-1363\" target=\"_self\" rel=\"nofollow\">\n\t\t216-426-1363\n\t\t<\/a>\n\t<\/h2>\n\t\t<h2>\n\t\tCHN<br \/>\u0110\u1ed1i t\u00e1c nh\u00e0 \u1edf\n\t<\/h2>\n\t\t<h2>\n\t\t<a href=\"tel:2165747100\" title=\"216-574-7100\" target=\"_self\" rel=\"nofollow\">\n\t\t216-574-7100\n\t\t<\/a>\n\t<\/h2>\n\t\t\t<a href=\"https:\/\/chnhousingpartners.org\/\" target=\"_blank\" rel=\"noopener\">\n\t\t\t\t\t\tTrang m\u1ea1ng\n\t\t\t\t\t<\/a>\n\t\t<h2>\n\t\tASIA, Inc.<br \/>Asian Services in Action, Inc.\n\t<\/h2>\n\t\t<h2>\n\t\t<a href=\"tel:2168810330\" title=\"216-881-0330\" target=\"_self\" rel=\"nofollow\">\n\t\t216-881-0330\n\t\t<\/a>\n\t<\/h2>\n\t\t\t<a href=\"http:\/\/www.asiaohio.org\/\" target=\"_blank\" rel=\"noopener\">\n\t\t\t\t\t\tTrang m\u1ea1ng\n\t\t\t\t\t<\/a>\n\t\t<h2>\n\t\tMu\u1ed1n nh\u00f3m c\u1ee7a b\u1ea1n \u0111\u01b0\u1ee3c li\u1ec7t k\u00ea \u1edf \u0111\u00e2y? li\u00ean h\u1ec7 v\u1edbi ch\u00fang t\u00f4i b\u00ean d\u01b0\u1edbi.\n\t<\/h2>\n\t\t\t\tMobile Pantry &#038; Food Distribution\n\t\t<h2>\n\t\tMobile Pantry &#038; Food Giveaway\n\t<\/h2>\n\t\t<h2>\n\t\tSterling Recreation<br \/>T\u1eb7ng th\u1ef1c ph\u1ea9m\n\t<\/h2>\n\t\t<h2>\n\t\tTrung t\u00e2m gi\u1ea3i tr\u00ed Sterling<br \/>1380 E 32nd St, Cleveland, OH 44114\n\t<\/h2>\n\t\t<h2>\n\t\tTh\u1ee9 T\u01b0 \u0111\u1ea7u ti\u00ean c\u1ee7a m\u1ed7i th\u00e1ng<br \/>2: 30-4: 30 t\u1ed1i\n\t<\/h2>\n\t\t<h2>\n\t\t<a href=\"mailto:cchen@city.cleveland.oh.us\" title=\"Li&ecirc;n h\u1ec7 v\u1edbi Chia-Min Chen &lt;br&gt;cchen@city.cleveland.oh.us\" target=\"_blank\" rel=\"noopener\">\n\t\tLi\u00ean h\u1ec7 v\u1edbi Chia-Min Chen <br \/>cchen@city.cleveland.oh.us\n\t\t<\/a>\n\t<\/h2>\n\t\t<h2>\n\t\t<a href=\"tel:2166642319\" title=\"216-664-2319\" target=\"_self\" rel=\"nofollow\">\n\t\t216-664-2319\n\t\t<\/a>\n\t<\/h2>\n\t\t<h2>\n\t\t<a href=\"https:\/\/www.facebook.com\/fnblc\/\" title=\"Th\u1ee9c \u0103n kh&ocirc;ng ph\u1ea3i bom&lt;br&gt;&lt;span style=&quot;font-size:70%; text-transform:uppercase;letter-spacing:3px;&quot;&gt;S\u1ea3n xu\u1ea5t qu&agrave; t\u1eb7ng&lt;\/span&gt;\" target=\"_blank\" rel=\"noopener\">\n\t\tTh\u1ee9c \u0103n kh\u00f4ng ph\u1ea3i bom<br \/>S\u1ea3n xu\u1ea5t qu\u00e0 t\u1eb7ng\n\t\t<\/a>\n\t<\/h2>\n\t\t<h2>\n\t\t6321 St. Clair Ave.<br \/>Cleveland, OH 44103\n\t<\/h2>\n\t\t<h2>\n\t\t2nd &#038; 4th Sunday of every month<br \/>3: 00-4: 00 chi\u1ec1u\n\t<\/h2>\n\t\t<h2>\n\t\t<a href=\"https:\/\/www.facebook.com\/fnblc\/\" title=\"Kh\u00f4ng c\u1ea7n gi\u1ea5y t\u1edd t\u00f9y th\u00e2n, b\u1eb1ng ch\u1ee9ng v\u1ec1 thu nh\u1eadp, c\u01b0 tr\u00fa ho\u1eb7c qu\u1ed1c t\u1ecbch.\" target=\"_blank\" rel=\"noopener\">\n\t\tKh\u00f4ng c\u1ea7n gi\u1ea5y t\u1edd t\u00f9y th\u00e2n, b\u1eb1ng ch\u1ee9ng v\u1ec1 thu nh\u1eadp, c\u01b0 tr\u00fa ho\u1eb7c qu\u1ed1c t\u1ecbch.\n\t\t<\/a>\n\t<\/h2>\n\t\t<h2>\n\t\t<a href=\"tel:4403403663\" title=\"440-340-3663\" target=\"_self\" rel=\"nofollow\">\n\t\t440-340-3663\n\t\t<\/a>\n\t<\/h2>\n\t\t<h2>\n\t\tD\u1ecbch v\u1ee5 Ch\u00e2u \u00c1 \u0111ang ho\u1ea1t \u0111\u1ed9ng<br \/>Food Pantry\n\t<\/h2>\n\t\t<h2>\n\t\tASIA Cleveland<br \/>3631 \u0110\u1ea1i l\u1ed9 Perkins<br \/>Cleveland, OH 44114\n\t<\/h2>\n\t\t<h2>\n\t\tTh\u1ee9 s\u00e1u th\u1ee9 4 h\u00e0ng th\u00e1ng\n\t<\/h2>\n\t\t<h2>\n\t\tCall to register by the Thursday before each month&#8217;s distribution.\n\t<\/h2>\n\t\t<h2>\n\t\t<a href=\"tel:2168810330\" title=\"216-881-0330\" target=\"_self\" rel=\"nofollow\">\n\t\t216-881-0330\n\t\t<\/a>\n\t<\/h2>\n\t\t\t\tC\u00e1c t\u1ed5 ch\u1ee9c c\u1ed9ng \u0111\u1ed3ng v\u00e0 v\u1eadn \u0111\u1ed9ng ch\u00ednh s\u00e1ch\n\t\t<h2>\n\t\tT\u1ed5 ch\u1ee9c v\u1eadn \u0111\u1ed9ng ch\u00ednh s\u00e1ch\n\t<\/h2>\n\t\t<h2>\n\t\tYour voice &#038; vision in the community\n\t<\/h2>\n\t\t<h2>\n\t\tOCA Greater Cleveland<br \/>Ch\u00e2u \u00c1 Th\u00e1i B\u00ecnh D\u01b0\u01a1ng<br \/>Nh\u1eefng ng\u01b0\u1eddi \u1ee7ng h\u1ed9 ng\u01b0\u1eddi M\u1ef9\n\t<\/h2>\n\t\t<h2>\n\t\t<a href=\"tel:2162363946\" title=\"216-236-3946\" target=\"_self\" rel=\"nofollow\">\n\t\t216-236-3946\n\t\t<\/a>\n\t<\/h2>\n\t\t\t<a href=\"https:\/\/ocagc.org\/\" target=\"_blank\" rel=\"noopener\">\n\t\t\t\t\t\tTrang m\u1ea1ng\n\t\t\t\t\t<\/a>\n\t\t<h2>\n\t\tOPAWL<br \/>Ohio Progressive Asian Women&#8217;s Leadership\n\t<\/h2>\n\t\t<h2>\n\t\t<a href=\"mailto:info@opawl.org\" title=\"info@opawl.org\" target=\"_self\">\n\t\tinfo@opawl.org\n\t\t<\/a>\n\t<\/h2>\n\t\t\t<a href=\"https:\/\/www.facebook.com\/teamOPAWL\/\" target=\"_blank\" rel=\"noopener\">\n\t\t\t\t\t\tTrang m\u1ea1ng\n\t\t\t\t\t<\/a>\n\t\t<h2>\n\t\tHi\u1ec7p h\u1ed9i Nh\u00e2n t\u1eeb H\u1ee3p nh\u1ea5t Trung Qu\u1ed1c Cleveland\n\t<\/h2>\n\t\t<h2>\n\t\tCleveland ti\u1ebfng Trung<br \/>Hi\u1ec7p h\u1ed9i c\u00f4ng d\u00e2n cao c\u1ea5p\n\t<\/h2>\n\t\t<h2>\n\t\t<a href=\"tel:2168816999\" title=\"216-881-6999\" target=\"_self\" rel=\"nofollow\">\n\t\t216-881-6999\n\t\t<\/a>\n\t<\/h2>\n\t\t<h2>\n\t\tNh\u00e0 th\u1edd Thi\u00ean ch\u00faa gi\u00e1o Trung Qu\u1ed1c Cleveland\n\t<\/h2>\n\t\t<h2>\n\t\t<a href=\"tel:2166211412\" title=\"216-621-1412\" target=\"_self\" rel=\"nofollow\">\n\t\t216-621-1412\n\t\t<\/a>\n\t<\/h2>\n\t\t\t<a href=\"https:\/\/clevelandccc.org\" target=\"_blank\" rel=\"noopener\">\n\t\t\t\t\t\tTrang m\u1ea1ng\n\t\t\t\t\t<\/a>\n\t\t<h2>\n\t\tCleveland Ch\u00e2u \u00c1<br \/>L\u1ec5 h\u1ed9i\n\t<\/h2>\n\t\t<h2>\n\t\t<a href=\"tel:2163092759\" title=\"216-309-2759\" target=\"_self\" rel=\"nofollow\">\n\t\t216-309-2759\n\t\t<\/a>\n\t<\/h2>\n\t\t\t<a href=\"https:\/\/clevelandasianfestival.org\" target=\"_blank\" rel=\"noopener\">\n\t\t\t\t\t\tTrang m\u1ea1ng\n\t\t\t\t\t<\/a>\n\t\t<h2>\n\t\tMotivAsians<br \/>cho Cleveland\n\t<\/h2>\n\t\t<h2>\n\t\t<a href=\"mailto:info@motivasians.org\" title=\"info@motivasians.org\" target=\"_self\" rel=\"nofollow\">\n\t\tinfo@motivasians.org\n\t\t<\/a>\n\t<\/h2>\n\t\t\t<a href=\"https:\/\/motivasians.org\/\" target=\"_blank\" rel=\"noopener\">\n\t\t\t\t\t\tTrang m\u1ea1ng\n\t\t\t\t\t<\/a>\n\t\t<h2>\n\t\tMidTown<br \/>Cleveland, Inc.\n\t<\/h2>\n\t\t<h2>\n\t\t<a href=\"tel:2163915080\" title=\"216-391-5080\" target=\"_self\" rel=\"nofollow\">\n\t\t216-391-5080\n\t\t<\/a>\n\t<\/h2>\n\t\t\t<a href=\"https:\/\/midtowncleveland.org\" target=\"_blank\" rel=\"noopener\">\n\t\t\t\t\t\tTrang m\u1ea1ng\n\t\t\t\t\t<\/a>\n\t\t<h2>\n\t\tSt. Clair-Superior<br \/>T\u1ed5ng c\u00f4ng ty ph\u00e1t tri\u1ec3n\n\t<\/h2>\n\t\t<h2>\n\t\t<a href=\"tel:2168810644\" title=\"216-881-0644\" target=\"_self\" rel=\"nofollow\">\n\t\t216-881-0644\n\t\t<\/a>\n\t<\/h2>\n\t\t\t<a href=\"https:\/\/www.stclairsuperior.org\/ \" target=\"_blank\" rel=\"noopener\">\n\t\t\t\t\t\tTrang m\u1ea1ng\n\t\t\t\t\t<\/a>\n\t\t<h2>\n\t\tKhu h\u1ecdc x\u00e1, Inc.\n\t<\/h2>\n\t\t<h2>\n\t\t<a href=\"tel:2168150250\" title=\"216-815-0250\" target=\"_self\" rel=\"nofollow\">\n\t\t216-815-0250\n\t\t<\/a>\n\t<\/h2>\n\t\t\t<a href=\"http:\/\/campusdistrict.org\" target=\"_blank\" rel=\"noopener\">\n\t\t\t\t\t\tTrang m\u1ea1ng\n\t\t\t\t\t<\/a>\n\t\t<h2>\n\t\tMu\u1ed1n t\u1ed5 ch\u1ee9c c\u1ee7a b\u1ea1n \u0111\u01b0\u1ee3c li\u1ec7t k\u00ea \u1edf \u0111\u00e2y? li\u00ean h\u1ec7 v\u1edbi ch\u00fang t\u00f4i b\u00ean d\u01b0\u1edbi.\n\t<\/h2>\n\t\t\t\tH\u1ed7 tr\u1ee3 kinh doanh\n\t\t<h2>\n\t\tH\u1ed7 tr\u1ee3 kinh doanh AsiaTown\n\t<\/h2>\n\t\t<h2>\n\t\td\u1ecbch v\u1ee5, h\u1ed9i th\u1ea3o v\u00e0 s\u1ef1 ki\u1ec7n chuy\u00ean nghi\u1ec7p\n\t<\/h2>\n\t\t<h2>\n\t\tGreater Cleveland<br \/>Ph\u00f2ng th\u01b0\u01a1ng m\u1ea1i Trung Qu\u1ed1c<br \/>info@clechinesechamber.com\n\t<\/h2>\n\t\t\t<a href=\"https:\/\/www.clechinesechamber.com\/\" target=\"_blank\" rel=\"noopener\">\n\t\t\t\t\t\tTrang m\u1ea1ng\n\t\t\t\t\t<\/a>\n\t\t\t\tD\u1ecbch v\u1ee5 Th\u00e0nh ph\u1ed1\n\t\t<h2>\n\t\tD\u1ecbch v\u1ee5 Th\u00e0nh ph\u1ed1\n\t<\/h2>\n\t\t<h2>\n\t\tLiason Ch\u00e2u \u00c1<br \/>Th\u00e0nh ph\u1ed1 Cleveland\n\t<\/h2>\n\t\t<h2>\n\t\tChia-Min Chen\n\t<\/h2>\n\t\t<h2>\n\t\t<a href=\"tel:2166642319\" title=\"216-664-2319\" target=\"_self\" rel=\"nofollow\">\n\t\t216-664-2319\n\t\t<\/a>\n\t<\/h2>\n\t\t\t<a href=\"mailto:cchen@city.cleveland.oh.us\" target=\"_blank\" rel=\"noopener\">\n\t\t\t\t\t\tE-mail\n\t\t\t\t\t<\/a>\n\t\t<h2>\n\t\tPh\u01b0\u1eddng 7<br \/>H\u1ed9i \u0111\u1ed3ng th\u00e0nh ph\u1ed1 Cleveland\n\t<\/h2>\n\t\t<h2>\n\t\tNgh\u1ecb vi\u00ean Stephanie Howse\n\t<\/h2>\n\t\t<h2>\n\t\t<a href=\"tel:2166642908\" title=\"216-664-2908\" target=\"_self\" rel=\"nofollow\">\n\t\t216-664-2908\n\t\t<\/a>\n\t<\/h2>\n\t\t\t<a href=\"mailto:showse@clevelandcitycouncil.org\" target=\"_blank\" rel=\"noopener\">\n\t\t\t\t\t\tE-mail\n\t\t\t\t\t<\/a>\n\t\t<h2>\n\t\tC\u1ea3nh s\u00e1t Cleveland<br \/>Qu\u1eadn 3\n\t<\/h2>\n\t\t<h2>\n\t\tGa t\u00e0u\n\t<\/h2>\n\t\t<h2>\n\t\t<a href=\"tel:2166235300\" title=\"216-623-5300\" target=\"_self\" rel=\"nofollow\">\n\t\t216-623-5300\n\t\t<\/a>\n\t<\/h2>\n\t\t<h2>\n\t\tD\u1ecbch v\u1ee5 c\u1ed9ng \u0111\u1ed3ng\n\t<\/h2>\n\t\t<h2>\n\t\t<a href=\"tel:2166235335\" title=\"216-623-5335\" target=\"_self\" rel=\"nofollow\">\n\t\t216-623-5335\n\t\t<\/a>\n\t<\/h2>\n\t\t<h2>\n\t\tKhoa l\u00e3o h\u00f3a<br \/>Th\u00e0nh ph\u1ed1 Cleveland\n\t<\/h2>\n\t\t<h2>\n\t\t<a href=\"tel:2166642833\" title=\"216-664-2833\" target=\"_self\" rel=\"nofollow\">\n\t\t216-664-2833\n\t\t<\/a>\n\t<\/h2>\n\t\t\t<a href=\"mailto:aging@city.cleveland.oh.us\" target=\"_blank\" rel=\"noopener\">\n\t\t\t\t\t\tE-mail\n\t\t\t\t\t<\/a>\n\t\t\t<a href=\"http:\/\/www.city.cleveland.oh.us\/aging\" target=\"_blank\" rel=\"noopener\">\n\t\t\t\t\t\tTrang m\u1ea1ng\n\t\t\t\t\t<\/a>\n<h2>\n\t\tLi\u00ean h\u1ec7 ch\u00fang t\u00f4i\n\t<\/h2>\n<h2>\n\t\tY\u00eau c\u1ea7u chung cho nh\u00f3m asiatown\n\t<\/h2>\n<h2>\n\t\tG\u1eb6P NH\u00d3M ASIATOWN\n\t<\/h2>\n\t\t\t\t<img loading=\"lazy\" decoding=\"async\" src=\"https:\/\/www.asiatowncleveland.org\/wp-content\/uploads\/staff_blank.png\" alt=\"staff_blank\" itemprop=\"image\" height=\"1143\" width=\"1600\" title=\"nh\u00e2n vi\u00ean\" onerror=\"this.style.display='none'\"  \/>\n<h2>\n\t\tNaomi Jia\n\t<\/h2>\n<h2>\n\t\tBusiness Development<br \/><br \/>Manager\n\t<\/h2>\n\t\t\t<a href=\"mailto:njia@midtowncleveland.org\" target=\"_blank\" rel=\"noopener\">\n\t\t\t\t\t\tE-MAIL\n\t\t\t\t\t<\/a>\n\t\t\t<a href=\"\" target=\"_self\" rel=\"nofollow\">\n\t\t\t\t\t\t216.391.5080 x115\n\t\t\t\t\t<\/a>\n\t\t\t\t<img loading=\"lazy\" decoding=\"async\" src=\"https:\/\/www.asiatowncleveland.org\/wp-content\/uploads\/Screenshot-2024-02-07-at-1.04.04\u202fPM-395x400.png\" alt=\"Feiran Yang\" itemprop=\"image\" height=\"400\" width=\"395\" title=\"Feiran Yang\" onerror=\"this.style.display='none'\"  \/>\n<h2>\n\t\tFeiran Yang\n\t<\/h2>\n<h2>\n\t\tCOMMUNITY ORGANIZER\n\t<\/h2>\n\t\t\t<a href=\"mailto:fyang@midtowncleveland.org\" target=\"_blank\" rel=\"noopener\">\n\t\t\t\t\t\tE-MAIL\n\t\t\t\t\t<\/a>\n\t\t\t<a href=\"\" target=\"_self\" rel=\"nofollow\">\n\t\t\t\t\t\t216.391.5080 x105\n\t\t\t\t\t<\/a>\n<h2>\n\t\t<a name=\"donate\"><\/a>\n\t<\/h2>\n<h2>\n\t\t<a name=\"donate\"><\/a>\n\t<\/h2>\n<h2>\n\t\tH\u1ed7 tr\u1ee3 v\u00f9ng l\u00e2n c\u1eadn\n\t<\/h2>\n<h2>\n\t\tS\u1ef1 h\u1ed7 tr\u1ee3 c\u1ee7a b\u1ea1n gi\u00fap n\u00e2ng cao v\u00e0 trao quy\u1ec1n cho AsiaTown, c\u1ed9ng \u0111\u1ed3ng \u0111\u1eb7c bi\u1ec7t n\u00e0y d\u00e0nh cho c\u01b0 d\u00e2n, c\u00f4ng nh\u00e2n, doanh nghi\u1ec7p v\u00e0 nhi\u1ec1u ng\u01b0\u1eddi xung quanh khu v\u1ef1c t\u00ecm th\u1ea5y m\u1ed9t m\u00e1i \u1ea5m gia \u0111\u00ecnh t\u1ea1i AsiaTown.\n\t<\/h2>\n<h2>\n\t\tT\u1ea5t c\u1ea3 c\u00e1c kho\u1ea3n \u0111\u00f3ng g\u00f3p \u0111\u1ec1u \u0111\u01b0\u1ee3c kh\u1ea5u tr\u1eeb thu\u1ebf 100% th\u00f4ng qua MidTown Cleveland, Inc. v\u00e0 s\u1ebd tr\u1ef1c ti\u1ebfp \u0111\u1ebfn c\u00f4ng vi\u1ec7c c\u1ee7a ch\u00fang t\u00f4i t\u1ea1i AsiaTown. Nh\u1eefng \u0111\u00f3ng g\u00f3p c\u1ee7a b\u1ea1n s\u1ebd gi\u00fap ch\u00fang t\u00f4i:\n\t<\/h2>\n\t<p>Support our beloved businesses by connecting to resources, providing in-language technical support, and boosting marketing efforts.<\/p>\n<p>Celebrate culture in the neighborhood by adding bright colors through public art, new signage, and murals, and highlighting vibrancy through community gatherings.<\/p>\n<p>Empower AsiaTown residents by building networks and fostering new local leaders.<\/p>\n\t\t\t<a href=\"https:\/\/www.paypal.com\/cgi-bin\/webscr?cmd=_s-xclick&#038;hosted_button_id=3LD99EQBNAHY2&#038;source=url\" target=\"_blank\" rel=\"noopener\">\n\t\t\t\t\t\t\u0110\u00f3ng g\u00f3p\n\t\t\t\t\t<\/a>","protected":false},"excerpt":{"rendered":"<p>Community Contacts Neighborhood Support Neighborhood Directory Quick contacts for area organizations AsiaTown Services Neighborhood Service &#038; Support Groups ASIA-ICHCAsian Services in Action International Community Health Center 216-881-0330 Website Asian EvergreenSenior Housing 216-426-1363 CHNHousing Partners 216-574-7100 Website ASIA, Inc.Asian Services in Action, Inc. 216-881-0330 Website Want your group listed here? contact us below. Mobile Pantry &#038;&hellip;<\/p>","protected":false},"author":6,"featured_media":0,"parent":0,"menu_order":0,"comment_status":"closed","ping_status":"closed","template":"","meta":{"footnotes":""},"class_list":["post-198","page","type-page","status-publish","hentry"],"_links":{"self":[{"href":"https:\/\/www.asiatowncleveland.org\/vi\/wp-json\/wp\/v2\/pages\/198","targetHints":{"allow":["GET"]}}],"collection":[{"href":"https:\/\/www.asiatowncleveland.org\/vi\/wp-json\/wp\/v2\/pages"}],"about":[{"href":"https:\/\/www.asiatowncleveland.org\/vi\/wp-json\/wp\/v2\/types\/page"}],"author":[{"embeddable":true,"href":"https:\/\/www.asiatowncleveland.org\/vi\/wp-json\/wp\/v2\/users\/6"}],"replies":[{"embeddable":true,"href":"https:\/\/www.asiatowncleveland.org\/vi\/wp-json\/wp\/v2\/comments?post=198"}],"version-history":[{"count":0,"href":"https:\/\/www.asiatowncleveland.org\/vi\/wp-json\/wp\/v2\/pages\/198\/revisions"}],"wp:attachment":[{"href":"https:\/\/www.asiatowncleveland.org\/vi\/wp-json\/wp\/v2\/media?parent=198"}],"curies":[{"name":"wp","href":"https:\/\/api.w.org\/{rel}","templated":true}]}}