{"id":307,"date":"2020-03-23T17:34:48","date_gmt":"2020-03-23T17:34:48","guid":{"rendered":"https:\/\/asiatowncle.wpengine.com\/?page_id=307"},"modified":"2023-10-27T16:17:36","modified_gmt":"2023-10-27T16:17:36","slug":"asiatown","status":"publish","type":"page","link":"https:\/\/www.asiatowncleveland.org\/vi\/","title":{"rendered":"AsiaTown"},"content":{"rendered":"<h1>\n\t\tM\u1ed9t vi\u00ean ng\u1ecdc \u1ea9n <br \/>\u1edf Cleveland\n\t<\/h1>\n<h2>\n\t\tCulture &#038; Community Near the Heart of the City\n\t<\/h2>\n\t\t\t\t<img loading=\"lazy\" decoding=\"async\" src=\"https:\/\/www.asiatowncleveland.org\/wp-content\/uploads\/2019\/01\/border_little_under1.png\" alt=\"border_little_under1\" itemprop=\"image\" height=\"120\" width=\"4000\" title=\"border_little_under1\" onerror=\"this.style.display='none'\"  \/>\n\t\t\t\t<img loading=\"lazy\" decoding=\"async\" src=\"https:\/\/www.asiatowncleveland.org\/wp-content\/uploads\/taxel3.jpg\" alt=\"taxel3\" itemprop=\"image\" height=\"1333\" width=\"2000\" title=\"taxel3\" onerror=\"this.style.display='none'\"  \/>\n\t\t\t\t<img loading=\"lazy\" decoding=\"async\" src=\"https:\/\/www.asiatowncleveland.org\/wp-content\/uploads\/taxel1.jpg\" alt=\"taxel1\" itemprop=\"image\" height=\"1333\" width=\"2000\" title=\"taxel1\" onerror=\"this.style.display='none'\"  \/>\n\t\t\t\t<img loading=\"lazy\" decoding=\"async\" src=\"https:\/\/www.asiatowncleveland.org\/wp-content\/uploads\/festival_food.jpg\" alt=\"festival_food\" itemprop=\"image\" height=\"1280\" width=\"1920\" title=\"festival_food\" onerror=\"this.style.display='none'\"  \/>\n<h2>\n\t\tAsiaTown l\u00e0 m\u1ed9t khu ph\u1ed1 Cleveland \u0111\u1ed9c \u0111\u00e1o, m\u1ed9t \u0111i\u1ec3m \u0111\u1ebfn v\u0103n h\u00f3a s\u00f4i \u0111\u1ed9ng, khu kinh doanh v\u00e0 \u0103n u\u1ed1ng, v\u00e0 nh\u00e0 d\u00e2n.\n\t<\/h2>\n<h2>\n\t\tNh\u1eefng chi\u1ebfc t\u1ee7 \u0111\u1ef1ng thu\u1ed1c l\u00e1 v\u00e0 th\u00e1p chu\u00f4ng nh\u00f4 l\u00ean tr\u00ean nh\u1eefng trung t\u00e2m mua s\u1eafm trong nh\u00e0, nh\u1eefng g\u00e1c x\u00e9p l\u00e0m vi\u1ec7c tr\u1ef1c ti\u1ebfp v\u00e0 nh\u1eefng con \u0111\u01b0\u1eddng r\u1ee3p b\u00f3ng c\u00e2y. N\u1eb1m \u1edf trung t\u00e2m c\u1ee7a Cleveland, AsiaTown c\u00f3 t\u1ea7m nh\u00ecn tuy\u1ec7t v\u1eddi ra Trung t\u00e2m th\u00e0nh ph\u1ed1 v\u00e0 H\u1ed3 Erie. Khu ph\u1ed1 n\u00e0y c\u00f3 c\u00e1c c\u1eeda h\u00e0ng t\u1ea1p h\u00f3a ch\u00e2u \u00c1, c\u1eeda h\u00e0ng qu\u00e0 t\u1eb7ng, th\u1ea9m m\u1ef9 vi\u1ec7n v\u00e0 nhi\u1ec1u l\u1ef1a ch\u1ecdn \u0103n u\u1ed1ng, t\u1eeb m\u00f3n dim sum Qu\u1ea3ng \u0110\u00f4ng v\u00e0 ph\u1edf Vi\u1ec7t Nam \u0111\u1ebfn m\u00f3n n\u01b0\u1edbng bbq c\u1ee7a H\u00e0n Qu\u1ed1c v\u00e0 l\u1ea9u T\u1ee9 Xuy\u00ean.\n\t<\/h2>\n\tClick here to edit the announcement-bar module. This text is only for editing and will disappear after you publish the changes.\n\t\t\t\t<a href=\"https:\/\/www.asiatowncleveland.org\/vi\/open-in-asiatown\/\" target=\"_blank\" rel=\"noopener\">\n\t\t\t\t\tCLICK HERE for the latest on AsiaTown eats and menu suggestions!\t\t\t\t<\/a>\n<h2>\n\t\tS\u1ef0 KI\u1ec6N H\u00c0NG N\u0102M\n\t<\/h2>\n<h2>\n\t\tJANUARY 21, 2023\n\t<\/h2>\n<h2>\n\t\tT\u1ebft Nguy\u00ean \u0110\u00e1n\n\t<\/h2>\n<h2>\n\t\t\u606d\u559c \u767c\u8ca1! T\u1ebft Nguy\u00ean \u0110\u00e1n hay T\u1ebft Xu\u00e2n, T\u1ebft Seollal (\uc124\ub0a0), l\u00e0 ng\u00e0y b\u1eaft \u0111\u1ea7u c\u1ee7a \u00e2m l\u1ecbch v\u00e0 l\u00e0 m\u1ed9t trong nh\u1eefng ng\u00e0y l\u1ec5 \u0111\u01b0\u1ee3c t\u1ed5 ch\u1ee9c nhi\u1ec1u nh\u1ea5t \u1edf c\u00e1c n\u01b0\u1edbc \u0110\u00f4ng v\u00e0 \u0110\u00f4ng Nam \u00c1. H\u00e3y \u0103n m\u1eebng t\u1ea1i AsiaTown v\u1edbi ph\u00e1o, m\u00faa l\u00e2n v\u00e0 m\u00faa r\u1ed3ng \u0111\u1ec3 xua \u0111u\u1ed5i t\u00e0 ma v\u00e0 mang l\u1ea1i nhi\u1ec1u may m\u1eafn cho n\u0103m m\u1edbi.\n\t<\/h2>\n\t\t\t<a href=\"https:\/\/www.asiatowncleveland.org\/vi\/lunarnewyear\/\" target=\"_blank\" rel=\"noopener\">\n\t\t\t\t\t\tT\u00ecm hi\u1ec3u th\u00eam\n\t\t\t\t\t<\/a>\n<h2>\n\t\tMAY 20-21, 2023\n\t<\/h2>\n<h2>\n\t\tL\u1ec5 h\u1ed9i ch\u00e2u \u00c1 Cleveland\n\t<\/h2>\n<h2>\n\t\tThis annual volunteer-run festival highlights Cleveland&#8217;s AsiaTown and the diversity of Asian culture in Northeast Ohio each May, honoring Asian Pacific American Heritage Month. The festival features live entertainment with dozens of performances, a World Marketplace with food, artisan goods, and other vendors, a Health Pavilion, activities and games, fashion show, and pop dance competition.\n\t<\/h2>\n\t\t\t<a href=\"https:\/\/clevelandasianfestival.org\/\" target=\"_blank\" rel=\"noopener\">\n\t\t\t\t\t\tT\u00ecm hi\u1ec3u th\u00eam\n\t\t\t\t\t<\/a>\n<h2>\n\t\tM\u00e0u c\u1ed9ng \u0111\u1ed3ng\n\t<\/h2>\n<h2>\n\t\tThe Latest from AsiaTown&#8217;s Instagram\n\t<\/h2>\n\t\n<div id=\"sb_instagram\"  class=\"sbi sbi_mob_col_2 sbi_tab_col_5 sbi_col_5 sbi_width_resp sbi-theme sbi-default_theme sbi-style-regular\" style=\"padding-bottom: 12px;\" data-post-style=\"regular\" data-feedid=\"*1\"  data-res=\"auto\" data-cols=\"5\" data-colsmobile=\"2\" data-colstablet=\"5\" data-num=\"10\" data-nummobile=\"4\" data-header-size=\"medium\" data-item-padding=\"6\" data-shortcode-atts=\"{&quot;feed&quot;:&quot;1&quot;}\"  data-postid=\"307\" data-locatornonce=\"069b2dcef8\" data-options=\"{&quot;grid&quot;:true,&quot;lightboxcomments&quot;:20,&quot;colsmobile&quot;:2,&quot;colstablet&quot;:&quot;5&quot;,&quot;captionsize&quot;:12,&quot;captionlength&quot;:50,&quot;hovercaptionlength&quot;:50,&quot;feedtheme&quot;:&quot;default_theme&quot;}\" data-sbi-flags=\"favorLocal\">\n\n\n    <div id=\"sbi_images\" style=\"gap: 12px;\">\n\t\t    <\/div>\n\n\t<div id=\"sbi_load\" >\n\n\t\n\t\n<\/div>\n\n\t    <span class=\"sbi_resized_image_data\" data-feed-id=\"*1\" data-resized=\"[]\">\n\t<\/span>\n\t        <div id=\"sbi_mod_error\">\n            <span>This error message is only visible to WordPress admins<\/span><br \/>\n        <div><strong>Error: There is no connected account for the user 3979311292155963.<\/strong><\/div>        <\/div>\n        \n<\/div>\n\n\t<style type=\"text\/css\">\n\t\t\t\t#sb_instagram #sbi_load .sbi_load_btn:hover{\n\t\t\toutline: none;\n\t\t\tbox-shadow: inset 0 0 20px 20px #E8E8EB;\n\t\t}\n\t\t\t\t\n\t\t#sb_instagram .sbi_follow_btn a:hover,\n\t\t#sb_instagram .sbi_follow_btn a:focus{\n\t\t\toutline: none;\n\t\t\tbox-shadow: inset 0 0 10px 20px #005B8C;\n\t\t}\n\t\t\t<\/style>","protected":false},"excerpt":{"rendered":"<p>A Hidden Gem in Cleveland Culture &#038; Community Near the Heart of the City AsiaTown is a unique Cleveland neighborhood, a vibrant cultural destination, business and dining district, and residential home. Smokestacks and steeples rise above indoor shopping plazas, live-work lofts, and tree-lined streets. Located in the heart of Cleveland, AsiaTown offers unparalleled views of&hellip;<\/p>","protected":false},"author":6,"featured_media":0,"parent":0,"menu_order":0,"comment_status":"closed","ping_status":"closed","template":"","meta":{"footnotes":""},"class_list":["post-307","page","type-page","status-publish","hentry"],"_links":{"self":[{"href":"https:\/\/www.asiatowncleveland.org\/vi\/wp-json\/wp\/v2\/pages\/307","targetHints":{"allow":["GET"]}}],"collection":[{"href":"https:\/\/www.asiatowncleveland.org\/vi\/wp-json\/wp\/v2\/pages"}],"about":[{"href":"https:\/\/www.asiatowncleveland.org\/vi\/wp-json\/wp\/v2\/types\/page"}],"author":[{"embeddable":true,"href":"https:\/\/www.asiatowncleveland.org\/vi\/wp-json\/wp\/v2\/users\/6"}],"replies":[{"embeddable":true,"href":"https:\/\/www.asiatowncleveland.org\/vi\/wp-json\/wp\/v2\/comments?post=307"}],"version-history":[{"count":0,"href":"https:\/\/www.asiatowncleveland.org\/vi\/wp-json\/wp\/v2\/pages\/307\/revisions"}],"wp:attachment":[{"href":"https:\/\/www.asiatowncleveland.org\/vi\/wp-json\/wp\/v2\/media?parent=307"}],"curies":[{"name":"wp","href":"https:\/\/api.w.org\/{rel}","templated":true}]}}